{"id":2271,"date":"2025-05-13T18:10:43","date_gmt":"2025-05-13T15:10:43","guid":{"rendered":"https:\/\/fixmyhomeonnortherncyprus.com\/diger-projeler\/"},"modified":"2025-05-14T23:12:49","modified_gmt":"2025-05-14T20:12:49","slug":"diger-projeler","status":"publish","type":"page","link":"https:\/\/fixmyhomeonnortherncyprus.com\/tr\/diger-projeler\/","title":{"rendered":"Di\u011fer projeler"},"content":{"rendered":"\t\t<div data-elementor-type=\"wp-page\" data-elementor-id=\"2271\" class=\"elementor elementor-2271 elementor-2000\" data-elementor-post-type=\"page\">\n\t\t\t\t\t\t<section class=\"elementor-section elementor-top-section elementor-element elementor-element-0dd1df0 elementor-section-height-min-height elementor-section-content-middle elementor-section-boxed elementor-section-height-default elementor-section-items-middle\" data-id=\"0dd1df0\" data-element_type=\"section\" data-settings=\"{&quot;background_background&quot;:&quot;classic&quot;}\">\n\t\t\t\t\t\t\t<div class=\"elementor-background-overlay\"><\/div>\n\t\t\t\t\t\t\t<div class=\"elementor-container elementor-column-gap-no\">\n\t\t\t\t\t<div class=\"elementor-column elementor-col-100 elementor-top-column elementor-element elementor-element-65e6bd6 animated-slow elementor-invisible\" data-id=\"65e6bd6\" data-element_type=\"column\" data-settings=\"{&quot;background_background&quot;:&quot;classic&quot;,&quot;animation&quot;:&quot;fadeInUp&quot;,&quot;animation_mobile&quot;:&quot;fadeInUp&quot;}\">\n\t\t\t<div class=\"elementor-widget-wrap elementor-element-populated\">\n\t\t\t\t\t\t<div class=\"elementor-element elementor-element-0c4c30c elementor-widget elementor-widget-heading\" data-id=\"0c4c30c\" data-element_type=\"widget\" data-widget_type=\"heading.default\">\n\t\t\t\t<div class=\"elementor-widget-container\">\n\t\t\t\t\t<h6 class=\"elementor-heading-title elementor-size-default\">di\u011fer projeler<\/h6>\t\t\t\t<\/div>\n\t\t\t\t<\/div>\n\t\t\t\t<div class=\"elementor-element elementor-element-23b4f89 elementor-widget elementor-widget-heading\" data-id=\"23b4f89\" data-element_type=\"widget\" data-widget_type=\"heading.default\">\n\t\t\t\t<div class=\"elementor-widget-container\">\n\t\t\t\t\t<h1 class=\"elementor-heading-title elementor-size-default\">Kuzey K\u0131br\u0131s'taki di\u011fer projelerimiz<\/h1>\t\t\t\t<\/div>\n\t\t\t\t<\/div>\n\t\t\t\t\t<\/div>\n\t\t<\/div>\n\t\t\t\t\t<\/div>\n\t\t<\/section>\n\t\t<div class=\"elementor-element elementor-element-72c84d7e e-flex e-con-boxed e-con e-parent\" data-id=\"72c84d7e\" data-element_type=\"container\" data-settings=\"{&quot;background_background&quot;:&quot;classic&quot;}\">\n\t\t\t\t\t<div class=\"e-con-inner\">\n\t\t\t\t<div class=\"elementor-element elementor-element-13cad8a1 elementor-widget elementor-widget-ucaddon_stacking_cards\" data-id=\"13cad8a1\" data-element_type=\"widget\" data-widget_type=\"ucaddon_stacking_cards.default\">\n\t\t\t\t<div class=\"elementor-widget-container\">\n\t\t\t\t\t\n<!-- start Stacking Cards -->\n\t\t<link id='font-awesome-css' href='https:\/\/fixmyhomeonnortherncyprus.com\/wp-content\/plugins\/unlimited-elements-for-elementor-premium\/assets_libraries\/font-awesome6\/fontawesome-all.min.css' type='text\/css' rel='stylesheet' >\n\t\t<link id='font-awesome-4-shim-css' href='https:\/\/fixmyhomeonnortherncyprus.com\/wp-content\/plugins\/unlimited-elements-for-elementor-premium\/assets_libraries\/font-awesome6\/fontawesome-v4-shims.min.css' type='text\/css' rel='stylesheet' >\n\t\t<link id='fancybox-css' href='https:\/\/fixmyhomeonnortherncyprus.com\/wp-content\/plugins\/unlimited-elements-for-elementor-premium\/assets_libraries\/fancybox3\/jquery.fancybox.min.css' type='text\/css' rel='stylesheet' >\n\n<style>\/* widget: Stacking Cards *\/\n\n#uc_stacking_cards_elementor_13cad8a1 {\n\twidth: 100%;\n\tmargin: 0 auto;\n\t--card-top-offset: 20px;\n    --card-height:400px;\n}\n\n@media (max-width: 1024px) {\n  #uc_stacking_cards_elementor_13cad8a1 {\n\t--card-top-offset:  20px;\n    --card-height:400px;\n  }\n}\n@media (max-width: 767px) {\n  #uc_stacking_cards_elementor_13cad8a1 {\n\t--card-top-offset:  20px;\n    --card-height:650px ;\n  }\n}\n\n\n#uc_stacking_cards_elementor_13cad8a1 .ue_cards_wrapper {\n    padding-bottom: calc(3 * var(--card-top-offset)); \/* Make place at bottom, as items will slide to that position*\/\n  \tdisplay: grid;\n    justify-items: center;\n\tgrid-template-columns: 1fr;\n    grid-template-rows: repeat(3, var(--card-height));\n    \/* margin-bottom: var(--card-margin);\n\tgap: var(--card-margin); *\/\n}\n\n#uc_stacking_cards_elementor_13cad8a1 .ue_stacking_card_item {\n\t\/*position: sticky;*\/\/* will be nabled in js to allow calc of start position of the cards *\/\n    padding-top: var(--card-top-offset);\n\ttransform-origin: 0% 0%;\n\twill-change: transform;\n}\n\n#uc_stacking_cards_elementor_13cad8a1 .ue_card_content {\n    height: var(--card-height);\n    min-height: var(--card-height);\n\toverflow: hidden;\n\tdisplay: flex;\n\talign-items: stretch;\n}\n\n\n#uc_stacking_cards_elementor_13cad8a1 .ue_content_left {\n\t\/*place-self: center;*\/\n\t\/*display: grid;*\/\n    display: flex;\n    flex-direction: column;\n    flex-shrink: 0;\n    }\n\n#uc_stacking_cards_elementor_13cad8a1 .ue_card_content > figure {\n\toverflow: hidden;\n    flex-grow: 1;\n}\n\n#uc_stacking_cards_elementor_13cad8a1 .ue_card_content > figure .ue_sc_img,\n#uc_stacking_cards_elementor_13cad8a1 .ue_card_content > figure > a{\n\twidth: 100%;\n\theight: 100%;\n}\n\n#uc_stacking_cards_elementor_13cad8a1 .ue_sc_button {\n\tdisplay: inline-block;\n    height: fit-content;\n    overflow:hidden;\n}\n\n #uc_stacking_cards_elementor_13cad8a1 .ue_sc_graphic_el{\n   display:flex;\n   justify-content:center;\n   align-content:center;\n   align-items:center;\n   overflow:hidden;\n   flex-shrink: 0;\n }\n #uc_stacking_cards_elementor_13cad8a1 .ue_sc_graphic_el svg{\n  width:1em;\n  height:1em;\n }\n\n #uc_stacking_cards_elementor_13cad8a1 .ue_stacking_card_item{\n  transform: translate3d(0px, 0px, 0px) rotate(0deg);\n  filter: blur(0px) grayscale(13%);\n }\n\n\/* soft styles*\/\n.ue_sc_title {\n\tfont-weight: 300;\n\tfont-size: 2.4em;\n    line-height: 1.2;\n}\n\n.ue_sc_desc {\n\tfont-weight: 300;\n\tline-height: 1.42;\n}\n.ue_stacking_card_item {\n  width:100%;\n}\n.ue_card_content {\n\tbox-shadow: 0px 10px 40px 0px rgba(0, 0, 0, 0.30);\n}\n\/* *\/\n\n\/* start creative button hover styles *\/\n#uc_stacking_cards_elementor_13cad8a1 .uc_content{\n  display: flex;\n  flex-wrap: wrap;\n}\n\n\/* GENERAL BUTTON STYLING *\/\n#uc_stacking_cards_elementor_13cad8a1 .uc_button {\n  overflow:hidden;\n  flex-shrink: 0;\n}\n\n#uc_stacking_cards_elementor_13cad8a1 .uc_button,\n#uc_stacking_cards_elementor_13cad8a1 .uc_button::after {\n\ttransition: all 0.3s;\n}\n\n#uc_stacking_cards_elementor_13cad8a1 .uc_button {\n  position: relative;\n}\n\n#uc_stacking_cards_elementor_13cad8a1 .uc_button span{\n  z-index: 2;\n  position: relative;\n  display: block;\n}\n\n#uc_stacking_cards_elementor_13cad8a1 .uc_button::before,\n#uc_stacking_cards_elementor_13cad8a1 .uc_button::after {\n  content: '';\n  position: absolute;\n  z-index: 1;\n}\n\n\/* BUTTON 1 *\/\n#uc_stacking_cards_elementor_13cad8a1 .uc_btn-1::after {\n  height: 0;\n  left: 0;\n  top: 0;\n  width: 100%;\n}\n\n#uc_stacking_cards_elementor_13cad8a1 .uc_btn-1:hover:after {\n  height: 100%;\n}\n\n\/* BUTTON 7 *\/\n#uc_stacking_cards_elementor_13cad8a1 .uc_btn-7::after {\n  height: 0;\n  left: 0;\n  bottom: 0;\n  width: 100%;\n}\n\n#uc_stacking_cards_elementor_13cad8a1 .uc_btn-7:hover:after {\n  height: 100%;\n}\n\n\/* BUTTON 2 *\/\n#uc_stacking_cards_elementor_13cad8a1 .uc_btn-2::after {\n  height: 100%;\n  left: 0;\n  top: 0;\n  width: 0;\n}\n\n#uc_stacking_cards_elementor_13cad8a1 .uc_btn-2:hover:after {\n  width: 100%;\n}\n\n\/* BUTTON 6 *\/\n#uc_stacking_cards_elementor_13cad8a1 .uc_btn-6::after {\n  height: 100%;\n  right: 0;\n  top: 0;\n  width: 0;\n}\n\n#uc_stacking_cards_elementor_13cad8a1 .uc_btn-6:hover:after {\n  width: 100%;\n}\n\n\/* BUTTON 3 *\/\n#uc_stacking_cards_elementor_13cad8a1 .uc_btn-3::after {\n  height: 0;\n  left: 50%;\n  top: 50%;\n  width: 0;\n}\n\n#uc_stacking_cards_elementor_13cad8a1 .uc_btn-3:hover:after {\n  height: 100%;\n  left: 0;\n  top: 0;\n  width: 100%;\n}\n\n\n\/* BUTTON 4 *\/\n#uc_stacking_cards_elementor_13cad8a1 .uc_btn-4::before {\n}\n\n#uc_stacking_cards_elementor_13cad8a1 .uc_btn-4::after {\n  height: 100%;\n  left: 0;\n  top: 0;\n  width: 100%;\n}\n\n#uc_stacking_cards_elementor_13cad8a1 .uc_btn-4:hover:after{\n  height: 0;\n  left: 50%;\n  top: 50%;\n  width: 0;\n}\n\n\n\/* BUTTON 5 *\/\n#uc_stacking_cards_elementor_13cad8a1 .uc_btn-5 {\n  overflow: hidden;\n}\n\n#uc_stacking_cards_elementor_13cad8a1 .uc_btn-5::after {\n  height: 100%;\n  left: -100%;\n  top: 0;\n  transform: skew(50deg);\n  transition-duration: 0.6s;\n  transform-origin: top left;\n  width: 0;\n}\n\n#uc_stacking_cards_elementor_13cad8a1 .uc_btn-5:hover:after {\n  height: 100%;\n  width: 200%;\n}\n\/* end styles *\/\n#uc_stacking_cards_elementor_13cad8a1 .ue_content_wrapper {\n  display: flex;\n  align-items: stretch;\n  position:relative;\n  height:100%;\n  width: 100%;\n}\n#uc_stacking_cards_elementor_13cad8a1 .ue_stacking_card_item.uc-item-error .ue_content_wrapper,\n#uc_stacking_cards_elementor_13cad8a1 .ue_stacking_card_item.uc-item-message .ue_content_wrapper{\n  justify-content: center;\n  align-items: center;\n}\n#uc_stacking_cards_elementor_13cad8a1 .uc-error{\n  color:red;\n  font-weight:500;\n}\n#uc_stacking_cards_elementor_13cad8a1 .uc-message{\n  font-weight:500;\n}\n.elementor-repeater-item-adb66d2 {\n  padding-top: calc(1 * var(--card-top-offset))!important;\n}\n.elementor-repeater-item-8220fec {\n  padding-top: calc(2 * var(--card-top-offset))!important;\n}\n.elementor-repeater-item-0b05867 {\n  padding-top: calc(3 * var(--card-top-offset))!important;\n}\n\n\n<\/style>\n\n<div id=\"uc_stacking_cards_elementor_13cad8a1\" data-editor=\"no\" data-errors=\"false\" data-show-section=\"false\" class=\"ue_stacking_cards_widget uc_creative_buttons  \"   dir=\"ltr\">\n\t<div class=\"ue_cards_wrapper uc-items-wrapper\">\n      <div class=\"ue_stacking_card_item elementor-repeater-item-adb66d2 ueitem-1\" data-source=\"normal\" data-id=\"\">\n  <div class=\"ue_card_content\" style=\"background-image: url();\">\n    \n          <div class=\"ue_content_left\">\n                  <div class=\"ue_sc_graphic_el\">\n            <svg xmlns=\"http:\/\/www.w3.org\/2000\/svg\" width=\"24\" height=\"24\" viewBox=\"0 0 24 24\" fill=\"none\" stroke=\"currentColor\" stroke-width=\"2\" stroke-linecap=\"round\" stroke-linejoin=\"round\" class=\"feather feather-arrow-up-right\"><line x1=\"7\" y1=\"17\" x2=\"17\" y2=\"7\"><\/line><polyline points=\"7 7 17 7 17 17\"><\/polyline><\/svg>                                  <\/div>\n                <h2 class=\"ue_sc_title\">Living on Northern Cyprus<\/h2>        <div class=\"ue_sc_desc\">Kuzey K\u0131br\u0131s'a ba\u015far\u0131l\u0131 bir \u015fekilde ta\u015f\u0131nman\u0131za yard\u0131mc\u0131 olacak hizmetler sunan bir \u015firket - konut, belgeler ve \u00e7ok daha fazlas\u0131.<\/div>\t    <a href=\"https:\/\/livingonnortherncyprus.com\/\"  class=\"ue_sc_button uc_button uc_btn-2\"><span>Web sitesine git<\/span><\/a>      <\/div>\n\t          <figure>\n                      <img fetchpriority=\"high\" decoding=\"async\" class=\"ue_sc_img\" src=\"https:\/\/fixmyhomeonnortherncyprus.com\/wp-content\/uploads\/2025\/05\/logo_big.jpg\" alt=\"Image description\"  src=\"https:\/\/fixmyhomeonnortherncyprus.com\/wp-content\/uploads\/2025\/05\/logo_big.jpg\" alt=\"logo_big\" width=\"1000\" height=\"1000\" alt=\"logo_big\" title=\"logo_big\">\n            \t\t<\/figure>\n            \n      \n      \n  <\/div>\n<\/div>\n<div class=\"ue_stacking_card_item elementor-repeater-item-8220fec ueitem-2\" data-source=\"normal\" data-id=\"\">\n  <div class=\"ue_card_content\" style=\"background-image: url();\">\n    \n          <div class=\"ue_content_left\">\n                  <div class=\"ue_sc_graphic_el\">\n            <svg xmlns=\"http:\/\/www.w3.org\/2000\/svg\" width=\"24\" height=\"24\" viewBox=\"0 0 24 24\" fill=\"none\" stroke=\"currentColor\" stroke-width=\"2\" stroke-linecap=\"round\" stroke-linejoin=\"round\" class=\"feather feather-arrow-up-right\"><line x1=\"7\" y1=\"17\" x2=\"17\" y2=\"7\"><\/line><polyline points=\"7 7 17 7 17 17\"><\/polyline><\/svg>                                  <\/div>\n                <h2 class=\"ue_sc_title\">Restaurant Trattoria Vineyard<\/h2>        <div class=\"ue_sc_desc\">\u0130mza pizzas\u0131yla K\u0131br\u0131s'\u0131n en iyisi \u0130talyan restoran\u0131<\/div>\t    <a href=\"https:\/\/trattoriavineyard.com\/\"  class=\"ue_sc_button uc_button uc_btn-2\"><span>Web sitesine git<\/span><\/a>      <\/div>\n\t          <figure>\n                      <img decoding=\"async\" class=\"ue_sc_img\" src=\"https:\/\/fixmyhomeonnortherncyprus.com\/wp-content\/uploads\/2025\/05\/logo_restauran-2-768x768.jpg\" alt=\"Image description\"  src=\"https:\/\/fixmyhomeonnortherncyprus.com\/wp-content\/uploads\/2025\/05\/logo_restauran-2-768x768.jpg\" alt=\"logo_restauran-2\" width=\"768\" height=\"768\" alt=\"logo_restauran-2\" title=\"logo_restauran-2\">\n            \t\t<\/figure>\n            \n      \n      \n  <\/div>\n<\/div>\n<div class=\"ue_stacking_card_item elementor-repeater-item-0b05867 ueitem-3\" data-source=\"normal\" data-id=\"\">\n  <div class=\"ue_card_content\" style=\"background-image: url();\">\n    \n          <div class=\"ue_content_left\">\n                  <div class=\"ue_sc_graphic_el\">\n            <svg xmlns=\"http:\/\/www.w3.org\/2000\/svg\" width=\"24\" height=\"24\" viewBox=\"0 0 24 24\" fill=\"none\" stroke=\"currentColor\" stroke-width=\"2\" stroke-linecap=\"round\" stroke-linejoin=\"round\" class=\"feather feather-arrow-up-right\"><line x1=\"7\" y1=\"17\" x2=\"17\" y2=\"7\"><\/line><polyline points=\"7 7 17 7 17 17\"><\/polyline><\/svg>                                  <\/div>\n                <h2 class=\"ue_sc_title\">Cleaning on Northern Cyprus<\/h2>        <div class=\"ue_sc_desc\">Kuzey K\u0131br\u0131s'ta Alman standartlar\u0131na g\u00f6re temizlik hizmetleri<\/div>\t    <a href=\"https:\/\/cleaningonnortherncyprus.com\/\"  class=\"ue_sc_button uc_button uc_btn-2\"><span>Web sitesine git<\/span><\/a>      <\/div>\n\t          <figure>\n                      <img decoding=\"async\" class=\"ue_sc_img\" src=\"https:\/\/fixmyhomeonnortherncyprus.com\/wp-content\/uploads\/2025\/05\/logo-cleaning-768x768.jpg\" alt=\"Image description\"  src=\"https:\/\/fixmyhomeonnortherncyprus.com\/wp-content\/uploads\/2025\/05\/logo-cleaning-768x768.jpg\" alt=\"logo-cleaning\" width=\"768\" height=\"768\" alt=\"logo-cleaning\" title=\"logo-cleaning\">\n            \t\t<\/figure>\n            \n      \n      \n  <\/div>\n<\/div>\n\n\t<\/div>\n<\/div>\n<!-- end Stacking Cards -->\t\t\t\t<\/div>\n\t\t\t\t<\/div>\n\t\t\t\t\t<\/div>\n\t\t\t\t<\/div>\n\t\t\t\t<\/div>\n\t\t","protected":false},"excerpt":{"rendered":"<p>di\u011fer projeler Kuzey K\u0131br\u0131s&#8217;taki di\u011fer projelerimiz Living on Northern Cyprus Kuzey K\u0131br\u0131s&#8217;a ba\u015far\u0131l\u0131 bir \u015fekilde ta\u015f\u0131nman\u0131za yard\u0131mc\u0131 olacak hizmetler sunan bir \u015firket &#8211; konut, belgeler ve \u00e7ok daha fazlas\u0131. Web sitesine git Restaurant Trattoria Vineyard \u0130mza pizzas\u0131yla K\u0131br\u0131s&#8217;\u0131n en iyisi \u0130talyan restoran\u0131 Web sitesine git Cleaning on Northern Cyprus Kuzey K\u0131br\u0131s&#8217;ta Alman standartlar\u0131na g\u00f6re temizlik [&hellip;]<\/p>\n","protected":false},"author":1,"featured_media":0,"parent":0,"menu_order":0,"comment_status":"closed","ping_status":"closed","template":"elementor_header_footer","meta":{"footnotes":""},"class_list":["post-2271","page","type-page","status-publish","hentry"],"yoast_head":"<!-- This site is optimized with the Yoast SEO plugin v26.8 - https:\/\/yoast.com\/product\/yoast-seo-wordpress\/ -->\n<title>Di\u011fer projeler - Fix my home on Northern Cyprus<\/title>\n<meta name=\"robots\" content=\"index, follow, max-snippet:-1, max-image-preview:large, max-video-preview:-1\" \/>\n<link rel=\"canonical\" href=\"https:\/\/fixmyhomeonnortherncyprus.com\/tr\/diger-projeler\/\" \/>\n<meta property=\"og:locale\" content=\"tr_TR\" \/>\n<meta property=\"og:type\" content=\"article\" \/>\n<meta property=\"og:title\" content=\"Di\u011fer projeler - Fix my home on Northern Cyprus\" \/>\n<meta property=\"og:description\" content=\"di\u011fer projeler Kuzey K\u0131br\u0131s&#8217;taki di\u011fer projelerimiz Living on Northern Cyprus Kuzey K\u0131br\u0131s&#8217;a ba\u015far\u0131l\u0131 bir \u015fekilde ta\u015f\u0131nman\u0131za yard\u0131mc\u0131 olacak hizmetler sunan bir \u015firket &#8211; konut, belgeler ve \u00e7ok daha fazlas\u0131. Web sitesine git Restaurant Trattoria Vineyard \u0130mza pizzas\u0131yla K\u0131br\u0131s&#8217;\u0131n en iyisi \u0130talyan restoran\u0131 Web sitesine git Cleaning on Northern Cyprus Kuzey K\u0131br\u0131s&#8217;ta Alman standartlar\u0131na g\u00f6re temizlik [&hellip;]\" \/>\n<meta property=\"og:url\" content=\"https:\/\/fixmyhomeonnortherncyprus.com\/tr\/diger-projeler\/\" \/>\n<meta property=\"og:site_name\" content=\"Fix my home on Northern Cyprus\" \/>\n<meta property=\"article:modified_time\" content=\"2025-05-14T20:12:49+00:00\" \/>\n<meta property=\"og:image\" content=\"https:\/\/fixmyhomeonnortherncyprus.com\/wp-content\/uploads\/2025\/05\/arrow-up-right-2.svg\" \/>\n<meta name=\"twitter:card\" content=\"summary_large_image\" \/>\n<script type=\"application\/ld+json\" class=\"yoast-schema-graph\">{\"@context\":\"https:\/\/schema.org\",\"@graph\":[{\"@type\":\"WebPage\",\"@id\":\"https:\/\/fixmyhomeonnortherncyprus.com\/tr\/diger-projeler\/\",\"url\":\"https:\/\/fixmyhomeonnortherncyprus.com\/tr\/diger-projeler\/\",\"name\":\"Di\u011fer projeler - Fix my home on Northern Cyprus\",\"isPartOf\":{\"@id\":\"https:\/\/fixmyhomeonnortherncyprus.com\/#website\"},\"primaryImageOfPage\":{\"@id\":\"https:\/\/fixmyhomeonnortherncyprus.com\/tr\/diger-projeler\/#primaryimage\"},\"image\":{\"@id\":\"https:\/\/fixmyhomeonnortherncyprus.com\/tr\/diger-projeler\/#primaryimage\"},\"thumbnailUrl\":\"https:\/\/fixmyhomeonnortherncyprus.com\/wp-content\/uploads\/2025\/05\/arrow-up-right-2.svg\",\"datePublished\":\"2025-05-13T15:10:43+00:00\",\"dateModified\":\"2025-05-14T20:12:49+00:00\",\"breadcrumb\":{\"@id\":\"https:\/\/fixmyhomeonnortherncyprus.com\/tr\/diger-projeler\/#breadcrumb\"},\"inLanguage\":\"tr\",\"potentialAction\":[{\"@type\":\"ReadAction\",\"target\":[\"https:\/\/fixmyhomeonnortherncyprus.com\/tr\/diger-projeler\/\"]}]},{\"@type\":\"ImageObject\",\"inLanguage\":\"tr\",\"@id\":\"https:\/\/fixmyhomeonnortherncyprus.com\/tr\/diger-projeler\/#primaryimage\",\"url\":\"https:\/\/fixmyhomeonnortherncyprus.com\/wp-content\/uploads\/2025\/05\/arrow-up-right-2.svg\",\"contentUrl\":\"https:\/\/fixmyhomeonnortherncyprus.com\/wp-content\/uploads\/2025\/05\/arrow-up-right-2.svg\"},{\"@type\":\"BreadcrumbList\",\"@id\":\"https:\/\/fixmyhomeonnortherncyprus.com\/tr\/diger-projeler\/#breadcrumb\",\"itemListElement\":[{\"@type\":\"ListItem\",\"position\":1,\"name\":\"\u0413\u043b\u0430\u0432\u043d\u0430\u044f \u0441\u0442\u0440\u0430\u043d\u0438\u0446\u0430\",\"item\":\"https:\/\/fixmyhomeonnortherncyprus.com\/de\/\"},{\"@type\":\"ListItem\",\"position\":2,\"name\":\"Di\u011fer projeler\"}]},{\"@type\":\"WebSite\",\"@id\":\"https:\/\/fixmyhomeonnortherncyprus.com\/#website\",\"url\":\"https:\/\/fixmyhomeonnortherncyprus.com\/\",\"name\":\"Fix my home on Northern Cyprus\",\"description\":\"Professional inspection and elimination of construction defects in Northern Cyprus. German experts ensure quality control, repair leaks, mold, insulation issues, install and automate electrical systems, and supervise construction. Book a free consultation.\",\"publisher\":{\"@id\":\"https:\/\/fixmyhomeonnortherncyprus.com\/#organization\"},\"potentialAction\":[{\"@type\":\"SearchAction\",\"target\":{\"@type\":\"EntryPoint\",\"urlTemplate\":\"https:\/\/fixmyhomeonnortherncyprus.com\/?s={search_term_string}\"},\"query-input\":{\"@type\":\"PropertyValueSpecification\",\"valueRequired\":true,\"valueName\":\"search_term_string\"}}],\"inLanguage\":\"tr\"},{\"@type\":\"Organization\",\"@id\":\"https:\/\/fixmyhomeonnortherncyprus.com\/#organization\",\"name\":\"Fix my home on Northern Cyprus\",\"url\":\"https:\/\/fixmyhomeonnortherncyprus.com\/\",\"logo\":{\"@type\":\"ImageObject\",\"inLanguage\":\"tr\",\"@id\":\"https:\/\/fixmyhomeonnortherncyprus.com\/#\/schema\/logo\/image\/\",\"url\":\"https:\/\/fixmyhomeonnortherncyprus.com\/wp-content\/uploads\/2025\/02\/fix-my-home-logo-new.png\",\"contentUrl\":\"https:\/\/fixmyhomeonnortherncyprus.com\/wp-content\/uploads\/2025\/02\/fix-my-home-logo-new.png\",\"width\":900,\"height\":190,\"caption\":\"Fix my home on Northern Cyprus\"},\"image\":{\"@id\":\"https:\/\/fixmyhomeonnortherncyprus.com\/#\/schema\/logo\/image\/\"}}]}<\/script>\n<!-- \/ Yoast SEO plugin. -->","yoast_head_json":{"title":"Di\u011fer projeler - Fix my home on Northern Cyprus","robots":{"index":"index","follow":"follow","max-snippet":"max-snippet:-1","max-image-preview":"max-image-preview:large","max-video-preview":"max-video-preview:-1"},"canonical":"https:\/\/fixmyhomeonnortherncyprus.com\/tr\/diger-projeler\/","og_locale":"tr_TR","og_type":"article","og_title":"Di\u011fer projeler - Fix my home on Northern Cyprus","og_description":"di\u011fer projeler Kuzey K\u0131br\u0131s&#8217;taki di\u011fer projelerimiz Living on Northern Cyprus Kuzey K\u0131br\u0131s&#8217;a ba\u015far\u0131l\u0131 bir \u015fekilde ta\u015f\u0131nman\u0131za yard\u0131mc\u0131 olacak hizmetler sunan bir \u015firket &#8211; konut, belgeler ve \u00e7ok daha fazlas\u0131. Web sitesine git Restaurant Trattoria Vineyard \u0130mza pizzas\u0131yla K\u0131br\u0131s&#8217;\u0131n en iyisi \u0130talyan restoran\u0131 Web sitesine git Cleaning on Northern Cyprus Kuzey K\u0131br\u0131s&#8217;ta Alman standartlar\u0131na g\u00f6re temizlik [&hellip;]","og_url":"https:\/\/fixmyhomeonnortherncyprus.com\/tr\/diger-projeler\/","og_site_name":"Fix my home on Northern Cyprus","article_modified_time":"2025-05-14T20:12:49+00:00","og_image":[{"url":"https:\/\/fixmyhomeonnortherncyprus.com\/wp-content\/uploads\/2025\/05\/arrow-up-right-2.svg","type":"","width":"","height":""}],"twitter_card":"summary_large_image","schema":{"@context":"https:\/\/schema.org","@graph":[{"@type":"WebPage","@id":"https:\/\/fixmyhomeonnortherncyprus.com\/tr\/diger-projeler\/","url":"https:\/\/fixmyhomeonnortherncyprus.com\/tr\/diger-projeler\/","name":"Di\u011fer projeler - Fix my home on Northern Cyprus","isPartOf":{"@id":"https:\/\/fixmyhomeonnortherncyprus.com\/#website"},"primaryImageOfPage":{"@id":"https:\/\/fixmyhomeonnortherncyprus.com\/tr\/diger-projeler\/#primaryimage"},"image":{"@id":"https:\/\/fixmyhomeonnortherncyprus.com\/tr\/diger-projeler\/#primaryimage"},"thumbnailUrl":"https:\/\/fixmyhomeonnortherncyprus.com\/wp-content\/uploads\/2025\/05\/arrow-up-right-2.svg","datePublished":"2025-05-13T15:10:43+00:00","dateModified":"2025-05-14T20:12:49+00:00","breadcrumb":{"@id":"https:\/\/fixmyhomeonnortherncyprus.com\/tr\/diger-projeler\/#breadcrumb"},"inLanguage":"tr","potentialAction":[{"@type":"ReadAction","target":["https:\/\/fixmyhomeonnortherncyprus.com\/tr\/diger-projeler\/"]}]},{"@type":"ImageObject","inLanguage":"tr","@id":"https:\/\/fixmyhomeonnortherncyprus.com\/tr\/diger-projeler\/#primaryimage","url":"https:\/\/fixmyhomeonnortherncyprus.com\/wp-content\/uploads\/2025\/05\/arrow-up-right-2.svg","contentUrl":"https:\/\/fixmyhomeonnortherncyprus.com\/wp-content\/uploads\/2025\/05\/arrow-up-right-2.svg"},{"@type":"BreadcrumbList","@id":"https:\/\/fixmyhomeonnortherncyprus.com\/tr\/diger-projeler\/#breadcrumb","itemListElement":[{"@type":"ListItem","position":1,"name":"\u0413\u043b\u0430\u0432\u043d\u0430\u044f \u0441\u0442\u0440\u0430\u043d\u0438\u0446\u0430","item":"https:\/\/fixmyhomeonnortherncyprus.com\/de\/"},{"@type":"ListItem","position":2,"name":"Di\u011fer projeler"}]},{"@type":"WebSite","@id":"https:\/\/fixmyhomeonnortherncyprus.com\/#website","url":"https:\/\/fixmyhomeonnortherncyprus.com\/","name":"Fix my home on Northern Cyprus","description":"Professional inspection and elimination of construction defects in Northern Cyprus. German experts ensure quality control, repair leaks, mold, insulation issues, install and automate electrical systems, and supervise construction. Book a free consultation.","publisher":{"@id":"https:\/\/fixmyhomeonnortherncyprus.com\/#organization"},"potentialAction":[{"@type":"SearchAction","target":{"@type":"EntryPoint","urlTemplate":"https:\/\/fixmyhomeonnortherncyprus.com\/?s={search_term_string}"},"query-input":{"@type":"PropertyValueSpecification","valueRequired":true,"valueName":"search_term_string"}}],"inLanguage":"tr"},{"@type":"Organization","@id":"https:\/\/fixmyhomeonnortherncyprus.com\/#organization","name":"Fix my home on Northern Cyprus","url":"https:\/\/fixmyhomeonnortherncyprus.com\/","logo":{"@type":"ImageObject","inLanguage":"tr","@id":"https:\/\/fixmyhomeonnortherncyprus.com\/#\/schema\/logo\/image\/","url":"https:\/\/fixmyhomeonnortherncyprus.com\/wp-content\/uploads\/2025\/02\/fix-my-home-logo-new.png","contentUrl":"https:\/\/fixmyhomeonnortherncyprus.com\/wp-content\/uploads\/2025\/02\/fix-my-home-logo-new.png","width":900,"height":190,"caption":"Fix my home on Northern Cyprus"},"image":{"@id":"https:\/\/fixmyhomeonnortherncyprus.com\/#\/schema\/logo\/image\/"}}]}},"_links":{"self":[{"href":"https:\/\/fixmyhomeonnortherncyprus.com\/tr\/wp-json\/wp\/v2\/pages\/2271","targetHints":{"allow":["GET"]}}],"collection":[{"href":"https:\/\/fixmyhomeonnortherncyprus.com\/tr\/wp-json\/wp\/v2\/pages"}],"about":[{"href":"https:\/\/fixmyhomeonnortherncyprus.com\/tr\/wp-json\/wp\/v2\/types\/page"}],"author":[{"embeddable":true,"href":"https:\/\/fixmyhomeonnortherncyprus.com\/tr\/wp-json\/wp\/v2\/users\/1"}],"replies":[{"embeddable":true,"href":"https:\/\/fixmyhomeonnortherncyprus.com\/tr\/wp-json\/wp\/v2\/comments?post=2271"}],"version-history":[{"count":1,"href":"https:\/\/fixmyhomeonnortherncyprus.com\/tr\/wp-json\/wp\/v2\/pages\/2271\/revisions"}],"predecessor-version":[{"id":2272,"href":"https:\/\/fixmyhomeonnortherncyprus.com\/tr\/wp-json\/wp\/v2\/pages\/2271\/revisions\/2272"}],"wp:attachment":[{"href":"https:\/\/fixmyhomeonnortherncyprus.com\/tr\/wp-json\/wp\/v2\/media?parent=2271"}],"curies":[{"name":"wp","href":"https:\/\/api.w.org\/{rel}","templated":true}]}}